{"id":3,"date":"2024-01-05T12:03:29","date_gmt":"2024-01-05T11:03:29","guid":{"rendered":"https:\/\/www.tandemparagliding.eu\/?page_id=3"},"modified":"2024-04-23T09:27:08","modified_gmt":"2024-04-23T07:27:08","slug":"privacy-policy","status":"publish","type":"page","link":"https:\/\/www.tandemparagliding.eu\/de\/privacy-policy\/","title":{"rendered":"DATENSCHUTZERKL\u00c4RUNG"},"content":{"rendered":"<div data-elementor-type=\"wp-page\" data-elementor-id=\"3\" class=\"elementor elementor-3\" data-elementor-post-type=\"page\">\n\t\t\t\t<div class=\"elementor-element elementor-element-eaf8757 e-con-full e-flex e-con e-parent\" data-id=\"eaf8757\" data-element_type=\"container\" data-e-type=\"container\" data-settings=\"{&quot;background_background&quot;:&quot;classic&quot;,&quot;shape_divider_bottom&quot;:&quot;wave-brush&quot;}\">\n\t\t\t\t<div class=\"elementor-shape elementor-shape-bottom\" aria-hidden=\"true\" data-negative=\"false\">\n\t\t\t<svg xmlns=\"http:\/\/www.w3.org\/2000\/svg\" viewbox=\"0 0 283.5 27.8\" preserveaspectratio=\"none\">\n\t<path class=\"elementor-shape-fill\" d=\"M283.5,9.7c0,0-7.3,4.3-14,4.6c-6.8,0.3-12.6,0-20.9-1.5c-11.3-2-33.1-10.1-44.7-5.7\ts-12.1,4.6-18,7.4c-6.6,3.2-20,9.6-36.6,9.3C131.6,23.5,99.5,7.2,86.3,8c-1.4,0.1-6.6,0.8-10.5,2c-3.8,1.2-9.4,3.8-17,4.7\tc-3.2,0.4-8.3,1.1-14.2,0.9c-1.5-0.1-6.3-0.4-12-1.6c-5.7-1.2-11-3.1-15.8-3.7C6.5,9.2,0,10.8,0,10.8V0h283.5V9.7z M260.8,11.3\tc-0.7-1-2-0.4-4.3-0.4c-2.3,0-6.1-1.2-5.8-1.1c0.3,0.1,3.1,1.5,6,1.9C259.7,12.2,261.4,12.3,260.8,11.3z M242.4,8.6\tc0,0-2.4-0.2-5.6-0.9c-3.2-0.8-10.3-2.8-15.1-3.5c-8.2-1.1-15.8,0-15.1,0.1c0.8,0.1,9.6-0.6,17.6,1.1c3.3,0.7,9.3,2.2,12.4,2.7\tC239.9,8.7,242.4,8.6,242.4,8.6z M185.2,8.5c1.7-0.7-13.3,4.7-18.5,6.1c-2.1,0.6-6.2,1.6-10,2c-3.9,0.4-8.9,0.4-8.8,0.5\tc0,0.2,5.8,0.8,11.2,0c5.4-0.8,5.2-1.1,7.6-1.6C170.5,14.7,183.5,9.2,185.2,8.5z M199.1,6.9c0.2,0-0.8-0.4-4.8,1.1\tc-4,1.5-6.7,3.5-6.9,3.7c-0.2,0.1,3.5-1.8,6.6-3C197,7.5,199,6.9,199.1,6.9z M283,6c-0.1,0.1-1.9,1.1-4.8,2.5s-6.9,2.8-6.7,2.7\tc0.2,0,3.5-0.6,7.4-2.5C282.8,6.8,283.1,5.9,283,6z M31.3,11.6c0.1-0.2-1.9-0.2-4.5-1.2s-5.4-1.6-7.8-2C15,7.6,7.3,8.5,7.7,8.6\tC8,8.7,15.9,8.3,20.2,9.3c2.2,0.5,2.4,0.5,5.7,1.6S31.2,11.9,31.3,11.6z M73,9.2c0.4-0.1,3.5-1.6,8.4-2.6c4.9-1.1,8.9-0.5,8.9-0.8\tc0-0.3-1-0.9-6.2-0.3S72.6,9.3,73,9.2z M71.6,6.7C71.8,6.8,75,5.4,77.3,5c2.3-0.3,1.9-0.5,1.9-0.6c0-0.1-1.1-0.2-2.7,0.2\tC74.8,5.1,71.4,6.6,71.6,6.7z M93.6,4.4c0.1,0.2,3.5,0.8,5.6,1.8c2.1,1,1.8,0.6,1.9,0.5c0.1-0.1-0.8-0.8-2.4-1.3\tC97.1,4.8,93.5,4.2,93.6,4.4z M65.4,11.1c-0.1,0.3,0.3,0.5,1.9-0.2s2.6-1.3,2.2-1.2s-0.9,0.4-2.5,0.8C65.3,10.9,65.5,10.8,65.4,11.1\tz M34.5,12.4c-0.2,0,2.1,0.8,3.3,0.9c1.2,0.1,2,0.1,2-0.2c0-0.3-0.1-0.5-1.6-0.4C36.6,12.8,34.7,12.4,34.5,12.4z M152.2,21.1\tc-0.1,0.1-2.4-0.3-7.5-0.3c-5,0-13.6-2.4-17.2-3.5c-3.6-1.1,10,3.9,16.5,4.1C150.5,21.6,152.3,21,152.2,21.1z\"\/>\n\t<path class=\"elementor-shape-fill\" d=\"M269.6,18c-0.1-0.1-4.6,0.3-7.2,0c-7.3-0.7-17-3.2-16.6-2.9c0.4,0.3,13.7,3.1,17,3.3\tC267.7,18.8,269.7,18,269.6,18z\"\/>\n\t<path class=\"elementor-shape-fill\" d=\"M227.4,9.8c-0.2-0.1-4.5-1-9.5-1.2c-5-0.2-12.7,0.6-12.3,0.5c0.3-0.1,5.9-1.8,13.3-1.2\tS227.6,9.9,227.4,9.8z\"\/>\n\t<path class=\"elementor-shape-fill\" d=\"M204.5,13.4c-0.1-0.1,2-1,3.2-1.1c1.2-0.1,2,0,2,0.3c0,0.3-0.1,0.5-1.6,0.4\tC206.4,12.9,204.6,13.5,204.5,13.4z\"\/>\n\t<path class=\"elementor-shape-fill\" d=\"M201,10.6c0-0.1-4.4,1.2-6.3,2.2c-1.9,0.9-6.2,3.1-6.1,3.1c0.1,0.1,4.2-1.6,6.3-2.6\tS201,10.7,201,10.6z\"\/>\n\t<path class=\"elementor-shape-fill\" d=\"M154.5,26.7c-0.1-0.1-4.6,0.3-7.2,0c-7.3-0.7-17-3.2-16.6-2.9c0.4,0.3,13.7,3.1,17,3.3\tC152.6,27.5,154.6,26.8,154.5,26.7z\"\/>\n\t<path class=\"elementor-shape-fill\" d=\"M41.9,19.3c0,0,1.2-0.3,2.9-0.1c1.7,0.2,5.8,0.9,8.2,0.7c4.2-0.4,7.4-2.7,7-2.6\tc-0.4,0-4.3,2.2-8.6,1.9c-1.8-0.1-5.1-0.5-6.7-0.4S41.9,19.3,41.9,19.3z\"\/>\n\t<path class=\"elementor-shape-fill\" d=\"M75.5,12.6c0.2,0.1,2-0.8,4.3-1.1c2.3-0.2,2.1-0.3,2.1-0.5c0-0.1-1.8-0.4-3.4,0\tC76.9,11.5,75.3,12.5,75.5,12.6z\"\/>\n\t<path class=\"elementor-shape-fill\" d=\"M15.6,13.2c0-0.1,4.3,0,6.7,0.5c2.4,0.5,5,1.9,5,2c0,0.1-2.7-0.8-5.1-1.4\tC19.9,13.7,15.7,13.3,15.6,13.2z\"\/>\n<\/svg>\t\t<\/div>\n\t\t<div class=\"elementor-element elementor-element-b39a22c e-con-full e-flex e-con e-child\" data-id=\"b39a22c\" data-element_type=\"container\" data-e-type=\"container\">\n\t\t\t\t<div class=\"elementor-element elementor-element-520f5f5 elementor-widget elementor-widget-heading\" data-id=\"520f5f5\" data-element_type=\"widget\" data-e-type=\"widget\" data-widget_type=\"heading.default\">\n\t\t\t\t<div class=\"elementor-widget-container\">\n\t\t\t\t\t<h1 class=\"elementor-heading-title elementor-size-default\">DATENSCHUTZERKL\u00c4RUNG<\/h1>\t\t\t\t<\/div>\n\t\t\t\t<\/div>\n\t\t\t\t<\/div>\n\t\t\t\t<\/div>\n\t\t<div class=\"elementor-element elementor-element-eb24306 e-flex e-con-boxed e-con e-parent\" data-id=\"eb24306\" data-element_type=\"container\" data-e-type=\"container\">\n\t\t\t\t\t<div class=\"e-con-inner\">\n\t\t\t\t<div class=\"elementor-element elementor-element-34bda00 elementor-widget elementor-widget-heading\" data-id=\"34bda00\" data-element_type=\"widget\" data-e-type=\"widget\" data-widget_type=\"heading.default\">\n\t\t\t\t<div class=\"elementor-widget-container\">\n\t\t\t\t\t<h2 class=\"elementor-heading-title elementor-size-default\">VERTRAULICHKEIT VON PERS\u00d6NLICHEN DATEN und INFORMATIONEN GEM\u00c4SS ARTIKEL 13 UND 14 VERORDNUNG (EU) 2016\/679<\/h2>\t\t\t\t<\/div>\n\t\t\t\t<\/div>\n\t\t\t\t<div class=\"elementor-element elementor-element-c3ce919 elementor-widget elementor-widget-text-editor\" data-id=\"c3ce919\" data-element_type=\"widget\" data-e-type=\"widget\" data-widget_type=\"text-editor.default\">\n\t\t\t\t<div class=\"elementor-widget-container\">\n\t\t\t\t\t\t\t\t\t<p><strong>(Europ\u00e4ische Datenschutzverordnung)<\/strong><\/p>\t\t\t\t\t\t\t\t<\/div>\n\t\t\t\t<\/div>\n\t\t\t\t<div class=\"elementor-element elementor-element-4caab108 elementor-widget elementor-widget-text-editor\" data-id=\"4caab108\" data-element_type=\"widget\" data-e-type=\"widget\" data-widget_type=\"text-editor.default\">\n\t\t\t\t<div class=\"elementor-widget-container\">\n\t\t\t\t\t\t\t\t\t<p>10.1. ZWECK DER DATENVERARBEITUNG. Die Verarbeitung dient ausschlie\u00dflich der Erreichung der von ihr gef\u00f6rderten institutionellen\/kommerziellen Zwecke im Rahmen der vorgesehenen gesetzlichen Bestimmungen. Bei ausdr\u00fccklicher Genehmigung darf das von Fly2Fun A.S.D. kostenlos zur Verf\u00fcgung gestellte Video- und Fotomaterial ohne Gewinnabsicht durch Werbung verbreitet werden.<\/p>\n<p>10.2. Die Verarbeitung erfolgt mittels der in Artikel 4 Nr. 2) des GDPR genannten Vorg\u00e4nge oder einer Reihe von Vorg\u00e4ngen: Sammlung, Aufzeichnung, Organisation, Strukturierung, Erhaltung, Anpassung oder \u00c4nderung, Entnahme, Abfrage, Nutzung, Mitteilung durch \u00dcbermittlung, Verbreitung oder jede andere Form der Bereitstellung, Vergleich oder Verbindung, Einschr\u00e4nkung, L\u00f6schung oder Vernichtung. b. Die Operationen k\u00f6nnen mit oder ohne Hilfe elektronischer oder automatisierter Mittel und in jedem Fall mit Hilfe von Instrumenten durchgef\u00fchrt werden, die geeignet sind, die Sicherheit und Vertraulichkeit der Daten durch die Annahme der vom GDPR vorgeschriebenen Sicherheitsma\u00dfnahmen zu gew\u00e4hrleisten. c. Die Verarbeitung wird von dem f\u00fcr die Verarbeitung Verantwortlichen und\/oder den Datenverarbeitern durchgef\u00fchrt.<\/p>\n<p>10.3. Die Bereitstellung gemeinsamer personenbezogener Daten ist f\u00fcr die Durchf\u00fchrung der in Punkt 10.1 genannten Aktivit\u00e4ten unbedingt erforderlich. Die Zustimmung zur Verwendung der Daten f\u00fcr die in Punkt 10.1 (b) genannten Zwecke ist stattdessen fakultativ.<\/p>\n<p>10.4. Jegliche Weigerung der betroffenen Person, in dem in Punkt 10.3 genannten Fall personenbezogene Daten zur Verf\u00fcgung zu stellen, w\u00fcrde es unm\u00f6glich machen, die in Punkt 10.1 (a) genannten Aktivit\u00e4ten durchzuf\u00fchren. Jede Weigerung, die Daten f\u00fcr die in Punkt 10.1 genannten Zwecke zu verarbeiten. (b) hat andererseits keine Auswirkungen auf den Vertrag.<\/p>\n<p>10.5. Die personenbezogenen Daten k\u00f6nnen den Verantwortlichen zur Kenntnis gelangen und k\u00f6nnen zu den unter Punkt 10.1 (a) genannten Zwecken an externe Mitarbeiter und im Allgemeinen an all jene Personen weitergeleitet werden, an die die Mitteilung f\u00fcr die korrekte Erf\u00fcllung der unter Punkt 10.1 (a) genannten Zwecke notwendig ist.<\/p>\n<p>10.6 Personenbezogene Daten unterliegen nicht der Offenlegung, es sei denn, die betroffene Person stimmt ausdr\u00fccklich zu..<\/p>\n<p>10.7. Personenbezogene Daten k\u00f6nnen in L\u00e4nder innerhalb der Europ\u00e4ischen Union und in L\u00e4nder au\u00dferhalb der Europ\u00e4ischen Union f\u00fcr die in Punkt 10.1 genannten Zwecke \u00fcbermittelt werden. In jedem Fall wird diese Daten\u00fcbermittlung in \u00dcbereinstimmung mit Kapitel V des GDPR erfolgen, das sich auf die \u00dcbermittlung personenbezogener Daten an Drittl\u00e4nder oder internationale Organisationen bezieht, um sicherzustellen, dass das durch das GDPR garantierte Schutzniveau f\u00fcr Personen nicht beeintr\u00e4chtigt wird.<\/p>\n<p>10.8 Art. 13 des GDPR gibt dem Betroffenen das Recht, bestimmte Rechte auszu\u00fcben, darunter das Recht, jederzeit vom Inhaber der Datenverarbeitung eine Best\u00e4tigung \u00fcber das Vorhandensein oder Nichtvorhandensein seiner pers\u00f6nlichen Daten zu erhalten und diese in verst\u00e4ndlicher Form zur Verf\u00fcgung gestellt zu bekommen; der Betroffene hat das Recht, die Herkunft der Daten, die Zwecke und Methoden der Verarbeitung, die angewandte Logik der Verarbeitung, die Angaben zur Identifizierung des Inhabers der Datenverarbeitung und der Personen, denen die Daten mitgeteilt werden k\u00f6nnen, zu erfahren; der Betroffene hat au\u00dferdem das Recht, die Aktualisierung, Berichtigung und Erg\u00e4nzung der Daten, die L\u00f6schung, Umwandlung in anonyme Form oder Sperrung der gesetzeswidrig verarbeiteten Daten zu verlangen; der Inhaber hat das Recht, sich aus legitimen Gr\u00fcnden der Verarbeitung der Daten zu widersetzen. Die betroffene Person hat auch das Recht, ihre Zustimmung zur Verarbeitung ihrer pers\u00f6nlichen Daten zu widerrufen und eine Beschwerde bei einer Aufsichtsbeh\u00f6rde einzureichen.<\/p>\n<p>10.9 Inhaber der Datenverarbeitung ist Fun2Fun A.S.D. mit Sitz in via Cesare Battisti, 34 Ghedi (BS).<\/p>\t\t\t\t\t\t\t\t<\/div>\n\t\t\t\t<\/div>\n\t\t\t\t\t<\/div>\n\t\t\t\t<\/div>\n\t\t\t\t<\/div>","protected":false},"excerpt":{"rendered":"<p>Privacy Policy RISERVATEZZA DEI DATI PERSONALI ed INFORMATIVA AI SENSI DEGLI ARTICOLI 13 E 14 REGOLAMENTO (EU) 2016\/679 (Regolamento europeo in materia di protezione dei dati personali) 10.1. FINALIT\u00c0 DEL TRATTAMENTO DEI DATI. Il trattamento \u00e8 finalizzato unicamente alla realizzazione delle finalit\u00e0 istituzionali\/commerciali promosse dal medesimo nei limiti delle disposizioni statutarie previste. In caso di [&hellip;]<\/p>\n","protected":false},"author":1,"featured_media":1963,"parent":0,"menu_order":0,"comment_status":"closed","ping_status":"closed","template":"elementor_header_footer","meta":{"footnotes":""},"class_list":["post-3","page","type-page","status-publish","has-post-thumbnail","hentry"],"pp_statuses_selecting_workflow":false,"pp_workflow_action":"current","pp_status_selection":"publish","yoast_head":"<!-- This site is optimized with the Yoast SEO plugin v27.3 - https:\/\/yoast.com\/product\/yoast-seo-wordpress\/ -->\n<title>Privacy Policy - Tandem Paragliding Fly2fun - Malcesine - Lake Garda - Gardasee<\/title>\n<meta name=\"description\" content=\"Tandem Paragliding Fly2fun - Malcesine - Lake Garda - Gardasee offre voli turistici in Parapendio Biposto a Malcesine, Lago di Garda.\" \/>\n<meta name=\"robots\" content=\"index, follow, max-snippet:-1, max-image-preview:large, max-video-preview:-1\" \/>\n<link rel=\"canonical\" href=\"https:\/\/www.tandemparagliding.eu\/de\/privacy-policy\/\" \/>\n<meta property=\"og:locale\" content=\"de_DE\" \/>\n<meta property=\"og:type\" content=\"article\" \/>\n<meta property=\"og:title\" content=\"Privacy Policy - Tandem Paragliding Fly2fun - Malcesine - Lake Garda - Gardasee\" \/>\n<meta property=\"og:description\" content=\"Tandem Paragliding Fly2fun - Malcesine - Lake Garda - Gardasee offre voli turistici in Parapendio Biposto a Malcesine, Lago di Garda.\" \/>\n<meta property=\"og:url\" content=\"https:\/\/www.tandemparagliding.eu\/de\/privacy-policy\/\" \/>\n<meta property=\"og:site_name\" content=\"Tandem Paragliding Fly2fun - Malcesine - Lake Garda - Gardasee\" \/>\n<meta property=\"article:publisher\" content=\"https:\/\/www.facebook.com\/fly2funtandemparagliding\" \/>\n<meta property=\"article:modified_time\" content=\"2024-04-23T07:27:08+00:00\" \/>\n<meta property=\"og:image\" content=\"https:\/\/www.tandemparagliding.eu\/wp-content\/uploads\/2024\/03\/Fly2Fun-Home-cover-2-Parapendio-Biposto-Lago-di-Garda-Monte-Baldo-Malcesine.jpg\" \/>\n\t<meta property=\"og:image:width\" content=\"1550\" \/>\n\t<meta property=\"og:image:height\" content=\"799\" \/>\n\t<meta property=\"og:image:type\" content=\"image\/jpeg\" \/>\n<meta name=\"twitter:card\" content=\"summary_large_image\" \/>\n<meta name=\"twitter:label1\" content=\"Gesch\u00e4tzte Lesezeit\" \/>\n\t<meta name=\"twitter:data1\" content=\"3\u00a0Minuten\" \/>\n<script type=\"application\/ld+json\" class=\"yoast-schema-graph\">{\"@context\":\"https:\\\/\\\/schema.org\",\"@graph\":[{\"@type\":\"WebPage\",\"@id\":\"https:\\\/\\\/www.tandemparagliding.eu\\\/privacy-policy\\\/\",\"url\":\"https:\\\/\\\/www.tandemparagliding.eu\\\/privacy-policy\\\/\",\"name\":\"Privacy Policy - Tandem Paragliding Fly2fun - Malcesine - Lake Garda - Gardasee\",\"isPartOf\":{\"@id\":\"https:\\\/\\\/www.tandemparagliding.eu\\\/#website\"},\"primaryImageOfPage\":{\"@id\":\"https:\\\/\\\/www.tandemparagliding.eu\\\/privacy-policy\\\/#primaryimage\"},\"image\":{\"@id\":\"https:\\\/\\\/www.tandemparagliding.eu\\\/privacy-policy\\\/#primaryimage\"},\"thumbnailUrl\":\"https:\\\/\\\/www.tandemparagliding.eu\\\/wp-content\\\/uploads\\\/2024\\\/03\\\/Fly2Fun-Home-cover-2-Parapendio-Biposto-Lago-di-Garda-Monte-Baldo-Malcesine.jpg\",\"datePublished\":\"2024-01-05T11:03:29+00:00\",\"dateModified\":\"2024-04-23T07:27:08+00:00\",\"description\":\"Tandem Paragliding Fly2fun - Malcesine - Lake Garda - Gardasee offre voli turistici in Parapendio Biposto a Malcesine, Lago di Garda.\",\"breadcrumb\":{\"@id\":\"https:\\\/\\\/www.tandemparagliding.eu\\\/privacy-policy\\\/#breadcrumb\"},\"inLanguage\":\"de\",\"potentialAction\":[{\"@type\":\"ReadAction\",\"target\":[\"https:\\\/\\\/www.tandemparagliding.eu\\\/privacy-policy\\\/\"]}]},{\"@type\":\"ImageObject\",\"inLanguage\":\"de\",\"@id\":\"https:\\\/\\\/www.tandemparagliding.eu\\\/privacy-policy\\\/#primaryimage\",\"url\":\"https:\\\/\\\/www.tandemparagliding.eu\\\/wp-content\\\/uploads\\\/2024\\\/03\\\/Fly2Fun-Home-cover-2-Parapendio-Biposto-Lago-di-Garda-Monte-Baldo-Malcesine.jpg\",\"contentUrl\":\"https:\\\/\\\/www.tandemparagliding.eu\\\/wp-content\\\/uploads\\\/2024\\\/03\\\/Fly2Fun-Home-cover-2-Parapendio-Biposto-Lago-di-Garda-Monte-Baldo-Malcesine.jpg\",\"width\":1550,\"height\":799,\"caption\":\"Fly2Fun Home cover 2 - Parapendio Biposto Lago di Garda Monte Baldo Malcesine\"},{\"@type\":\"BreadcrumbList\",\"@id\":\"https:\\\/\\\/www.tandemparagliding.eu\\\/privacy-policy\\\/#breadcrumb\",\"itemListElement\":[{\"@type\":\"ListItem\",\"position\":1,\"name\":\"Home\",\"item\":\"https:\\\/\\\/www.tandemparagliding.eu\\\/\"},{\"@type\":\"ListItem\",\"position\":2,\"name\":\"Privacy Policy\"}]},{\"@type\":\"WebSite\",\"@id\":\"https:\\\/\\\/www.tandemparagliding.eu\\\/#website\",\"url\":\"https:\\\/\\\/www.tandemparagliding.eu\\\/\",\"name\":\"FLY2FUN Tandem Paragliding\",\"description\":\"Parapendio biposto a Malcesine sul Lago di Garda\",\"publisher\":{\"@id\":\"https:\\\/\\\/www.tandemparagliding.eu\\\/#organization\"},\"potentialAction\":[{\"@type\":\"SearchAction\",\"target\":{\"@type\":\"EntryPoint\",\"urlTemplate\":\"https:\\\/\\\/www.tandemparagliding.eu\\\/?s={search_term_string}\"},\"query-input\":{\"@type\":\"PropertyValueSpecification\",\"valueRequired\":true,\"valueName\":\"search_term_string\"}}],\"inLanguage\":\"de\"},{\"@type\":\"Organization\",\"@id\":\"https:\\\/\\\/www.tandemparagliding.eu\\\/#organization\",\"name\":\"FLY2FUN SSD A.R.L\",\"url\":\"https:\\\/\\\/www.tandemparagliding.eu\\\/\",\"logo\":{\"@type\":\"ImageObject\",\"inLanguage\":\"de\",\"@id\":\"https:\\\/\\\/www.tandemparagliding.eu\\\/#\\\/schema\\\/logo\\\/image\\\/\",\"url\":\"https:\\\/\\\/www.tandemparagliding.eu\\\/wp-content\\\/uploads\\\/2024\\\/03\\\/Fly2fun-logo.svg\",\"contentUrl\":\"https:\\\/\\\/www.tandemparagliding.eu\\\/wp-content\\\/uploads\\\/2024\\\/03\\\/Fly2fun-logo.svg\",\"caption\":\"FLY2FUN SSD A.R.L\"},\"image\":{\"@id\":\"https:\\\/\\\/www.tandemparagliding.eu\\\/#\\\/schema\\\/logo\\\/image\\\/\"},\"sameAs\":[\"https:\\\/\\\/www.facebook.com\\\/fly2funtandemparagliding\",\"https:\\\/\\\/www.instagram.com\\\/fly2fun_tandemparagliding.eu\",\"https:\\\/\\\/www.tripadvisor.it\\\/Attraction_Review-g194807-d4442924-Reviews-Fly_2_Fun-Malcesine_Province_of_Verona_Veneto.html\"]}]}<\/script>\n<!-- \/ Yoast SEO plugin. -->","yoast_head_json":{"title":"Privacy Policy - Tandem Paragliding Fly2fun - Malcesine - Lake Garda - Gardasee","description":"Tandem Paragliding Fly2fun - Malcesine - Lake Garda - Gardasee offre voli turistici in Parapendio Biposto a Malcesine, Lago di Garda.","robots":{"index":"index","follow":"follow","max-snippet":"max-snippet:-1","max-image-preview":"max-image-preview:large","max-video-preview":"max-video-preview:-1"},"canonical":"https:\/\/www.tandemparagliding.eu\/de\/privacy-policy\/","og_locale":"de_DE","og_type":"article","og_title":"Privacy Policy - Tandem Paragliding Fly2fun - Malcesine - Lake Garda - Gardasee","og_description":"Tandem Paragliding Fly2fun - Malcesine - Lake Garda - Gardasee offre voli turistici in Parapendio Biposto a Malcesine, Lago di Garda.","og_url":"https:\/\/www.tandemparagliding.eu\/de\/privacy-policy\/","og_site_name":"Tandem Paragliding Fly2fun - Malcesine - Lake Garda - Gardasee","article_publisher":"https:\/\/www.facebook.com\/fly2funtandemparagliding","article_modified_time":"2024-04-23T07:27:08+00:00","og_image":[{"width":1550,"height":799,"url":"https:\/\/www.tandemparagliding.eu\/wp-content\/uploads\/2024\/03\/Fly2Fun-Home-cover-2-Parapendio-Biposto-Lago-di-Garda-Monte-Baldo-Malcesine.jpg","type":"image\/jpeg"}],"twitter_card":"summary_large_image","twitter_misc":{"Gesch\u00e4tzte Lesezeit":"3\u00a0Minuten"},"schema":{"@context":"https:\/\/schema.org","@graph":[{"@type":"WebPage","@id":"https:\/\/www.tandemparagliding.eu\/privacy-policy\/","url":"https:\/\/www.tandemparagliding.eu\/privacy-policy\/","name":"Privacy Policy - Tandem Paragliding Fly2fun - Malcesine - Lake Garda - Gardasee","isPartOf":{"@id":"https:\/\/www.tandemparagliding.eu\/#website"},"primaryImageOfPage":{"@id":"https:\/\/www.tandemparagliding.eu\/privacy-policy\/#primaryimage"},"image":{"@id":"https:\/\/www.tandemparagliding.eu\/privacy-policy\/#primaryimage"},"thumbnailUrl":"https:\/\/www.tandemparagliding.eu\/wp-content\/uploads\/2024\/03\/Fly2Fun-Home-cover-2-Parapendio-Biposto-Lago-di-Garda-Monte-Baldo-Malcesine.jpg","datePublished":"2024-01-05T11:03:29+00:00","dateModified":"2024-04-23T07:27:08+00:00","description":"Tandem Paragliding Fly2fun - Malcesine - Lake Garda - Gardasee offre voli turistici in Parapendio Biposto a Malcesine, Lago di Garda.","breadcrumb":{"@id":"https:\/\/www.tandemparagliding.eu\/privacy-policy\/#breadcrumb"},"inLanguage":"de","potentialAction":[{"@type":"ReadAction","target":["https:\/\/www.tandemparagliding.eu\/privacy-policy\/"]}]},{"@type":"ImageObject","inLanguage":"de","@id":"https:\/\/www.tandemparagliding.eu\/privacy-policy\/#primaryimage","url":"https:\/\/www.tandemparagliding.eu\/wp-content\/uploads\/2024\/03\/Fly2Fun-Home-cover-2-Parapendio-Biposto-Lago-di-Garda-Monte-Baldo-Malcesine.jpg","contentUrl":"https:\/\/www.tandemparagliding.eu\/wp-content\/uploads\/2024\/03\/Fly2Fun-Home-cover-2-Parapendio-Biposto-Lago-di-Garda-Monte-Baldo-Malcesine.jpg","width":1550,"height":799,"caption":"Fly2Fun Home cover 2 - Parapendio Biposto Lago di Garda Monte Baldo Malcesine"},{"@type":"BreadcrumbList","@id":"https:\/\/www.tandemparagliding.eu\/privacy-policy\/#breadcrumb","itemListElement":[{"@type":"ListItem","position":1,"name":"Home","item":"https:\/\/www.tandemparagliding.eu\/"},{"@type":"ListItem","position":2,"name":"Privacy Policy"}]},{"@type":"WebSite","@id":"https:\/\/www.tandemparagliding.eu\/#website","url":"https:\/\/www.tandemparagliding.eu\/","name":"FLY2FUN Tandem Paragliding","description":"Parapendio biposto a Malcesine sul Lago di Garda","publisher":{"@id":"https:\/\/www.tandemparagliding.eu\/#organization"},"potentialAction":[{"@type":"SearchAction","target":{"@type":"EntryPoint","urlTemplate":"https:\/\/www.tandemparagliding.eu\/?s={search_term_string}"},"query-input":{"@type":"PropertyValueSpecification","valueRequired":true,"valueName":"search_term_string"}}],"inLanguage":"de"},{"@type":"Organization","@id":"https:\/\/www.tandemparagliding.eu\/#organization","name":"FLY2FUN SSD A.R.L","url":"https:\/\/www.tandemparagliding.eu\/","logo":{"@type":"ImageObject","inLanguage":"de","@id":"https:\/\/www.tandemparagliding.eu\/#\/schema\/logo\/image\/","url":"https:\/\/www.tandemparagliding.eu\/wp-content\/uploads\/2024\/03\/Fly2fun-logo.svg","contentUrl":"https:\/\/www.tandemparagliding.eu\/wp-content\/uploads\/2024\/03\/Fly2fun-logo.svg","caption":"FLY2FUN SSD A.R.L"},"image":{"@id":"https:\/\/www.tandemparagliding.eu\/#\/schema\/logo\/image\/"},"sameAs":["https:\/\/www.facebook.com\/fly2funtandemparagliding","https:\/\/www.instagram.com\/fly2fun_tandemparagliding.eu","https:\/\/www.tripadvisor.it\/Attraction_Review-g194807-d4442924-Reviews-Fly_2_Fun-Malcesine_Province_of_Verona_Veneto.html"]}]}},"_links":{"self":[{"href":"https:\/\/www.tandemparagliding.eu\/de\/wp-json\/wp\/v2\/pages\/3","targetHints":{"allow":["GET"]}}],"collection":[{"href":"https:\/\/www.tandemparagliding.eu\/de\/wp-json\/wp\/v2\/pages"}],"about":[{"href":"https:\/\/www.tandemparagliding.eu\/de\/wp-json\/wp\/v2\/types\/page"}],"author":[{"embeddable":true,"href":"https:\/\/www.tandemparagliding.eu\/de\/wp-json\/wp\/v2\/users\/1"}],"replies":[{"embeddable":true,"href":"https:\/\/www.tandemparagliding.eu\/de\/wp-json\/wp\/v2\/comments?post=3"}],"version-history":[{"count":42,"href":"https:\/\/www.tandemparagliding.eu\/de\/wp-json\/wp\/v2\/pages\/3\/revisions"}],"predecessor-version":[{"id":3557,"href":"https:\/\/www.tandemparagliding.eu\/de\/wp-json\/wp\/v2\/pages\/3\/revisions\/3557"}],"wp:featuredmedia":[{"embeddable":true,"href":"https:\/\/www.tandemparagliding.eu\/de\/wp-json\/wp\/v2\/media\/1963"}],"wp:attachment":[{"href":"https:\/\/www.tandemparagliding.eu\/de\/wp-json\/wp\/v2\/media?parent=3"}],"curies":[{"name":"wp","href":"https:\/\/api.w.org\/{rel}","templated":true}]}}